{"id":2,"date":"2018-03-26T21:37:25","date_gmt":"2018-03-26T21:37:25","guid":{"rendered":"https:\/\/mrnews.com.br\/\/?page_id=2"},"modified":"2025-07-30T07:49:52","modified_gmt":"2025-07-30T10:49:52","slug":"quem-somos","status":"publish","type":"page","link":"https:\/\/mrnews.com.br\/index.php\/quem-somos\/","title":{"rendered":"QUEM SOMOS"},"content":{"rendered":"<p><strong>MRNews\u00a0<\/strong> \u00e9 o nome fantasia da empresa CHA DE IDEIAS ag\u00eancia de not\u00edcias, publicidade e propaganda CNPJ 13786653000190. Nascemos no interior de Goi\u00e1s e fazemos cobertura jornal\u00edstica de uma regi\u00e3o de dif\u00edcil acesso e muitas vezes esquecida.<\/p>\n<p>NOSSO E-MAIL: midia@oimeliga.com.br<\/p>\n<p>Trata-se de uma regi\u00e3o extensa, com munic\u00edpios de produ\u00e7\u00e3o agr\u00edcola importante para o estado e que carecia de um ve\u00edculo para informar os habitantes da regi\u00e3o.<\/p>\n<p>A \u00e1rea, no Norte do Goi\u00e1s, re\u00fane mais de 150 mil habitantes, sendo 20% de popula\u00e7\u00e3o rural. Por outro lado, com dados da Anatel, cerca de 85% da popula\u00e7\u00e3o tem internet. \u00c9 neste nicho que o site MRNews (Mara Rosa News), entrou.\u00a0Os rep\u00f3rteres na rua revelam o que h\u00e1 de bom e ruim na cidade.<a href=\"https:\/\/mrnews.com.br\/index.php\/entre-em-contato\/\"> Entre em contato aqui.\u00a0<\/a><\/p>\n","protected":false},"excerpt":{"rendered":"<p>MRNews\u00a0 \u00e9 o nome fantasia da empresa CHA DE IDEIAS ag\u00eancia de not\u00edcias, publicidade e propaganda CNPJ 13786653000190. Nascemos no interior de Goi\u00e1s e fazemos cobertura jornal\u00edstica de uma regi\u00e3o de dif\u00edcil acesso e muitas vezes esquecida. NOSSO E-MAIL: midia@oimeliga.com.br Trata-se de uma regi\u00e3o extensa, com munic\u00edpios de produ\u00e7\u00e3o agr\u00edcola importante para o estado e &hellip;<\/p>\n","protected":false},"author":1,"featured_media":0,"parent":0,"menu_order":0,"comment_status":"closed","ping_status":"open","template":"","meta":{"footnotes":""},"class_list":["post-2","page","type-page","status-publish","hentry"],"yoast_head":"<!-- This site is optimized with the Yoast SEO plugin v27.5 - https:\/\/yoast.com\/product\/yoast-seo-wordpress\/ -->\n<title>QUEM SOMOS MRNews<\/title>\n<meta name=\"robots\" content=\"index, follow, max-snippet:-1, max-image-preview:large, max-video-preview:-1\" \/>\n<link rel=\"canonical\" href=\"https:\/\/mrnews.com.br\/index.php\/sample-page\/\" \/>\n<meta property=\"og:locale\" content=\"pt_BR\" \/>\n<meta property=\"og:type\" content=\"article\" \/>\n<meta property=\"og:title\" content=\"QUEM SOMOS MRNews\" \/>\n<meta property=\"og:description\" content=\"MRNews\u00a0 \u00e9 o nome fantasia da empresa CHA DE IDEIAS ag\u00eancia de not\u00edcias, publicidade e propaganda CNPJ 13786653000190. Nascemos no interior de Goi\u00e1s e fazemos cobertura jornal\u00edstica de uma regi\u00e3o de dif\u00edcil acesso e muitas vezes esquecida. NOSSO E-MAIL: midia@oimeliga.com.br Trata-se de uma regi\u00e3o extensa, com munic\u00edpios de produ\u00e7\u00e3o agr\u00edcola importante para o estado e &hellip;\" \/>\n<meta property=\"og:url\" content=\"https:\/\/mrnews.com.br\/index.php\/sample-page\/\" \/>\n<meta property=\"og:site_name\" content=\"MRNews\" \/>\n<meta property=\"article:publisher\" content=\"https:\/\/www.facebook.com\/eaipahpah\/?locale2=pt_BR\" \/>\n<meta property=\"article:modified_time\" content=\"2025-07-30T10:49:52+00:00\" \/>\n<meta property=\"og:image\" content=\"https:\/\/mrnews.com.br\/wp-content\/uploads\/2018\/06\/Mara-Rosa-e-Campinorte.jpg\" \/>\n<meta name=\"twitter:card\" content=\"summary_large_image\" \/>\n<meta name=\"twitter:site\" content=\"@conspirou\" \/>\n<meta name=\"twitter:label1\" content=\"Est. tempo de leitura\" \/>\n\t<meta name=\"twitter:data1\" content=\"1 minuto\" \/>\n<script type=\"application\/ld+json\" class=\"yoast-schema-graph\">{\"@context\":\"https:\\\/\\\/schema.org\",\"@graph\":[{\"@type\":\"WebPage\",\"@id\":\"https:\\\/\\\/mrnews.com.br\\\/index.php\\\/sample-page\\\/\",\"url\":\"https:\\\/\\\/mrnews.com.br\\\/index.php\\\/sample-page\\\/\",\"name\":\"QUEM SOMOS MRNews\",\"isPartOf\":{\"@id\":\"https:\\\/\\\/mrnews.com.br\\\/#website\"},\"datePublished\":\"2018-03-26T21:37:25+00:00\",\"dateModified\":\"2025-07-30T10:49:52+00:00\",\"breadcrumb\":{\"@id\":\"https:\\\/\\\/mrnews.com.br\\\/index.php\\\/sample-page\\\/#breadcrumb\"},\"inLanguage\":\"pt-BR\",\"potentialAction\":[{\"@type\":\"ReadAction\",\"target\":[\"https:\\\/\\\/mrnews.com.br\\\/index.php\\\/sample-page\\\/\"]}]},{\"@type\":\"BreadcrumbList\",\"@id\":\"https:\\\/\\\/mrnews.com.br\\\/index.php\\\/sample-page\\\/#breadcrumb\",\"itemListElement\":[{\"@type\":\"ListItem\",\"position\":1,\"name\":\"In\u00edcio\",\"item\":\"https:\\\/\\\/mrnews.com.br\\\/\"},{\"@type\":\"ListItem\",\"position\":2,\"name\":\"QUEM SOMOS\"}]},{\"@type\":\"WebSite\",\"@id\":\"https:\\\/\\\/mrnews.com.br\\\/#website\",\"url\":\"https:\\\/\\\/mrnews.com.br\\\/\",\"name\":\"MRNews\",\"description\":\"MRNews Jogos de hoje da TV, transmiss\u00f5es ao vivo, Not\u00edcias de futebol, Jogos ao vivo, Lives, resumo de novelas, Programa\u00e7\u00e3o da Globo, A Fazenda e BBB\",\"publisher\":{\"@id\":\"https:\\\/\\\/mrnews.com.br\\\/#organization\"},\"potentialAction\":[{\"@type\":\"SearchAction\",\"target\":{\"@type\":\"EntryPoint\",\"urlTemplate\":\"https:\\\/\\\/mrnews.com.br\\\/?s={search_term_string}\"},\"query-input\":{\"@type\":\"PropertyValueSpecification\",\"valueRequired\":true,\"valueName\":\"search_term_string\"}}],\"inLanguage\":\"pt-BR\"},{\"@type\":\"Organization\",\"@id\":\"https:\\\/\\\/mrnews.com.br\\\/#organization\",\"name\":\"MRNews\",\"url\":\"https:\\\/\\\/mrnews.com.br\\\/\",\"logo\":{\"@type\":\"ImageObject\",\"inLanguage\":\"pt-BR\",\"@id\":\"https:\\\/\\\/mrnews.com.br\\\/#\\\/schema\\\/logo\\\/image\\\/\",\"url\":\"https:\\\/\\\/mrnews.com.br\\\/wp-content\\\/uploads\\\/2019\\\/06\\\/MRNewslogo2.png\",\"contentUrl\":\"https:\\\/\\\/mrnews.com.br\\\/wp-content\\\/uploads\\\/2019\\\/06\\\/MRNewslogo2.png\",\"width\":223,\"height\":58,\"caption\":\"MRNews\"},\"image\":{\"@id\":\"https:\\\/\\\/mrnews.com.br\\\/#\\\/schema\\\/logo\\\/image\\\/\"},\"sameAs\":[\"https:\\\/\\\/www.facebook.com\\\/eaipahpah\\\/?locale2=pt_BR\",\"https:\\\/\\\/x.com\\\/conspirou\",\"https:\\\/\\\/www.instagram.com\\\/eai_pahpah\",\"https:\\\/\\\/br.pinterest.com\\\/mrnewsn\\\/boards\\\/\",\"https:\\\/\\\/www.youtube.com\\\/channel\\\/UCacgnpznQ61fifLWr1tQ-vA?view_as=subscriber\"]}]}<\/script>\n<!-- \/ Yoast SEO plugin. -->","yoast_head_json":{"title":"QUEM SOMOS MRNews","robots":{"index":"index","follow":"follow","max-snippet":"max-snippet:-1","max-image-preview":"max-image-preview:large","max-video-preview":"max-video-preview:-1"},"canonical":"https:\/\/mrnews.com.br\/index.php\/sample-page\/","og_locale":"pt_BR","og_type":"article","og_title":"QUEM SOMOS MRNews","og_description":"MRNews\u00a0 \u00e9 o nome fantasia da empresa CHA DE IDEIAS ag\u00eancia de not\u00edcias, publicidade e propaganda CNPJ 13786653000190. Nascemos no interior de Goi\u00e1s e fazemos cobertura jornal\u00edstica de uma regi\u00e3o de dif\u00edcil acesso e muitas vezes esquecida. NOSSO E-MAIL: midia@oimeliga.com.br Trata-se de uma regi\u00e3o extensa, com munic\u00edpios de produ\u00e7\u00e3o agr\u00edcola importante para o estado e &hellip;","og_url":"https:\/\/mrnews.com.br\/index.php\/sample-page\/","og_site_name":"MRNews","article_publisher":"https:\/\/www.facebook.com\/eaipahpah\/?locale2=pt_BR","article_modified_time":"2025-07-30T10:49:52+00:00","og_image":[{"url":"https:\/\/mrnews.com.br\/wp-content\/uploads\/2018\/06\/Mara-Rosa-e-Campinorte.jpg","type":"","width":"","height":""}],"twitter_card":"summary_large_image","twitter_site":"@conspirou","twitter_misc":{"Est. tempo de leitura":"1 minuto"},"schema":{"@context":"https:\/\/schema.org","@graph":[{"@type":"WebPage","@id":"https:\/\/mrnews.com.br\/index.php\/sample-page\/","url":"https:\/\/mrnews.com.br\/index.php\/sample-page\/","name":"QUEM SOMOS MRNews","isPartOf":{"@id":"https:\/\/mrnews.com.br\/#website"},"datePublished":"2018-03-26T21:37:25+00:00","dateModified":"2025-07-30T10:49:52+00:00","breadcrumb":{"@id":"https:\/\/mrnews.com.br\/index.php\/sample-page\/#breadcrumb"},"inLanguage":"pt-BR","potentialAction":[{"@type":"ReadAction","target":["https:\/\/mrnews.com.br\/index.php\/sample-page\/"]}]},{"@type":"BreadcrumbList","@id":"https:\/\/mrnews.com.br\/index.php\/sample-page\/#breadcrumb","itemListElement":[{"@type":"ListItem","position":1,"name":"In\u00edcio","item":"https:\/\/mrnews.com.br\/"},{"@type":"ListItem","position":2,"name":"QUEM SOMOS"}]},{"@type":"WebSite","@id":"https:\/\/mrnews.com.br\/#website","url":"https:\/\/mrnews.com.br\/","name":"MRNews","description":"MRNews Jogos de hoje da TV, transmiss\u00f5es ao vivo, Not\u00edcias de futebol, Jogos ao vivo, Lives, resumo de novelas, Programa\u00e7\u00e3o da Globo, A Fazenda e BBB","publisher":{"@id":"https:\/\/mrnews.com.br\/#organization"},"potentialAction":[{"@type":"SearchAction","target":{"@type":"EntryPoint","urlTemplate":"https:\/\/mrnews.com.br\/?s={search_term_string}"},"query-input":{"@type":"PropertyValueSpecification","valueRequired":true,"valueName":"search_term_string"}}],"inLanguage":"pt-BR"},{"@type":"Organization","@id":"https:\/\/mrnews.com.br\/#organization","name":"MRNews","url":"https:\/\/mrnews.com.br\/","logo":{"@type":"ImageObject","inLanguage":"pt-BR","@id":"https:\/\/mrnews.com.br\/#\/schema\/logo\/image\/","url":"https:\/\/mrnews.com.br\/wp-content\/uploads\/2019\/06\/MRNewslogo2.png","contentUrl":"https:\/\/mrnews.com.br\/wp-content\/uploads\/2019\/06\/MRNewslogo2.png","width":223,"height":58,"caption":"MRNews"},"image":{"@id":"https:\/\/mrnews.com.br\/#\/schema\/logo\/image\/"},"sameAs":["https:\/\/www.facebook.com\/eaipahpah\/?locale2=pt_BR","https:\/\/x.com\/conspirou","https:\/\/www.instagram.com\/eai_pahpah","https:\/\/br.pinterest.com\/mrnewsn\/boards\/","https:\/\/www.youtube.com\/channel\/UCacgnpznQ61fifLWr1tQ-vA?view_as=subscriber"]}]}},"jetpack_sharing_enabled":true,"jetpack_shortlink":"https:\/\/wp.me\/Pa2Qf7-2","amp_enabled":true,"_links":{"self":[{"href":"https:\/\/mrnews.com.br\/index.php\/wp-json\/wp\/v2\/pages\/2","targetHints":{"allow":["GET"]}}],"collection":[{"href":"https:\/\/mrnews.com.br\/index.php\/wp-json\/wp\/v2\/pages"}],"about":[{"href":"https:\/\/mrnews.com.br\/index.php\/wp-json\/wp\/v2\/types\/page"}],"author":[{"embeddable":true,"href":"https:\/\/mrnews.com.br\/index.php\/wp-json\/wp\/v2\/users\/1"}],"replies":[{"embeddable":true,"href":"https:\/\/mrnews.com.br\/index.php\/wp-json\/wp\/v2\/comments?post=2"}],"version-history":[{"count":1,"href":"https:\/\/mrnews.com.br\/index.php\/wp-json\/wp\/v2\/pages\/2\/revisions"}],"predecessor-version":[{"id":447036,"href":"https:\/\/mrnews.com.br\/index.php\/wp-json\/wp\/v2\/pages\/2\/revisions\/447036"}],"wp:attachment":[{"href":"https:\/\/mrnews.com.br\/index.php\/wp-json\/wp\/v2\/media?parent=2"}],"curies":[{"name":"wp","href":"https:\/\/api.w.org\/{rel}","templated":true}]}}